{"id":1460,"date":"2020-04-28T02:49:21","date_gmt":"2020-04-28T00:49:21","guid":{"rendered":"http:\/\/www.umitcanli.com\/school\/?page_id=1460"},"modified":"2025-05-27T23:19:04","modified_gmt":"2025-05-27T21:19:04","slug":"sinav-kagitlari","status":"publish","type":"page","link":"http:\/\/www.umitcanli.com\/school\/index.php\/sinav-kagitlari\/","title":{"rendered":"S\u0131nav K\u00e2\u011f\u0131tlar\u0131"},"content":{"rendered":"<h2><strong>Geometri<\/strong><\/h2>\n<ul>\n<li>2007-2008<br \/>\n<a href=\"http:\/\/www.umitcanli.com\/school\/index.php\/2007\/11\/17\/2007-2008-i-donem-i-geometri-i-yazilisi\/\">10. S\u0131n\u0131f I. D\u00f6nem I. Geometri Yaz\u0131l\u0131s\u0131<\/a><br \/>\n<a href=\"http:\/\/www.umitcanli.com\/school\/index.php\/2008\/04\/23\/2007-2008-i-donem-ii-geometri-i-yazili-sorulari\/\">10. S\u0131n\u0131f I. D\u00f6nem II. Geometri Yaz\u0131l\u0131s\u0131<\/a><br \/>\n<a href=\"http:\/\/www.umitcanli.com\/school\/index.php\/2008\/04\/24\/2007-2008-ii-donem-i-geometri-i-yazilisi\/\">10. S\u0131n\u0131f II. D\u00f6nem I. Geometri Yaz\u0131l\u0131s\u0131<\/a><br \/>\n<a href=\"http:\/\/www.umitcanli.com\/school\/index.php\/2008\/06\/05\/2007-2008-ii-donem-ii-geometri-i-yazilisi\/\">10. S\u0131n\u0131f II. D\u00f6nem II. Geometri Yaz\u0131l\u0131s\u0131<\/a><br \/>\n<a href=\"http:\/\/www.umitcanli.com\/school\/index.php\/2007\/11\/17\/2007-2008-i-donem-i-geometri-ii-yazilisi\/\">11. S\u0131n\u0131f I. D\u00f6nem I. Geometri Yaz\u0131l\u0131s\u0131<\/a><br \/>\n<a href=\"http:\/\/www.umitcanli.com\/school\/index.php\/2008\/04\/23\/2007-2008-i-donem-ii-geometri-ii-yazilisi\/\">11. S\u0131n\u0131f I. D\u00f6nem II. Geometri Yaz\u0131l\u0131s\u0131<\/a><br \/>\n<a href=\"http:\/\/www.umitcanli.com\/school\/index.php\/2008\/04\/24\/2007-2008-ii-donem-i-geometri-ii-yazilisi\/\">11. S\u0131n\u0131f II. D\u00f6nem I. Geometri Yaz\u0131l\u0131s\u0131<\/a><\/li>\n<\/ul>\n<ul>\n<li>2008-2009<br \/>\n<a href=\"http:\/\/www.umitcanli.com\/school\/index.php\/2008\/12\/17\/2008-2009-i-donem-i-geometri-i-yazilisi\/\">10. S\u0131n\u0131f I. D\u00f6nem I. Geometri Yaz\u0131l\u0131s\u0131<\/a><br \/>\n<a href=\"http:\/\/www.umitcanli.com\/school\/index.php\/2009\/01\/18\/2008-2009-i-donem-ii-geometri-i-yazilisi\/\">10. S\u0131n\u0131f I. D\u00f6nem II. Geometri Yaz\u0131l\u0131s\u0131<\/a><br \/>\n<a href=\"http:\/\/www.umitcanli.com\/school\/index.php\/2009\/03\/22\/2008-2009-ii-donem-i-geometri-i-yazilisi\/\">10. S\u0131n\u0131f II. D\u00f6nem I. Geometri Yaz\u0131l\u0131s\u0131<\/a><br \/>\n<a href=\"http:\/\/www.umitcanli.com\/school\/index.php\/2009\/06\/07\/2008-2009-ii-donem-ii-geometri-i-yazilisi\/\">10. S\u0131n\u0131f II. D\u00f6nem II. Geometri Yaz\u0131l\u0131s\u0131<\/a><br \/>\n<a href=\"http:\/\/www.umitcanli.com\/school\/index.php\/2008\/12\/17\/2008-2009-i-donem-i-geometri-ii-yazilisi\/\">11. S\u0131n\u0131f I. D\u00f6nem I. Geometri Yaz\u0131l\u0131s\u0131<\/a><br \/>\n<a href=\"http:\/\/www.umitcanli.com\/school\/index.php\/2009\/01\/18\/2008-2009-i-donem-ii-geometri-ii-yazilisi\/\">11. S\u0131n\u0131f I. D\u00f6nem II. Geometri Yaz\u0131l\u0131s\u0131<\/a><br \/>\n<a href=\"http:\/\/www.umitcanli.com\/school\/index.php\/2009\/03\/23\/2008-2009-ii-donem-i-geometri-ii-yazilisi\/\">11. S\u0131n\u0131f II. D\u00f6nem I. Geometri Yaz\u0131l\u0131s\u0131<\/a><br \/>\n<a href=\"http:\/\/www.umitcanli.com\/school\/index.php\/2009\/06\/07\/2008-2009-ii-donem-ii-geometri-ii-yazilisi\/\">11. S\u0131n\u0131f II. D\u00f6nem II. Geometri Yaz\u0131l\u0131s\u0131<\/a><\/li>\n<\/ul>\n<ul>\n<li>2009-2010<br \/>\n<a href=\"http:\/\/www.umitcanli.com\/school\/index.php\/2009\/11\/28\/2009-2010-10-sinif-i-donem-i-geometri-yazilisi\/\">10. S\u0131n\u0131f I. D\u00f6nem I. Geometri Yaz\u0131l\u0131s\u0131<\/a><br \/>\n<a href=\"http:\/\/www.umitcanli.com\/school\/index.php\/2010\/01\/05\/2009-2010-10-sinif-i-donem-ii-geometri-yazilisi\/\">10. S\u0131n\u0131f I. D\u00f6nem II. Geometri Yaz\u0131l\u0131s\u0131<\/a><br \/>\n<a href=\"http:\/\/www.umitcanli.com\/school\/index.php\/2010\/04\/21\/2009-2010-10-sinif-ii-donem-i-geometri-yazilisi\/\">10. S\u0131n\u0131f II. D\u00f6nem I. Geometri Yaz\u0131l\u0131s\u0131<\/a><br \/>\n<a href=\"http:\/\/www.umitcanli.com\/school\/index.php\/2009\/11\/28\/2009-2010-11-sinif-i-donem-i-geometri-yazilisi\/\">11. S\u0131n\u0131f I. D\u00f6nem I. Geometri Yaz\u0131l\u0131s\u0131 *<\/a><br \/>\n<a href=\"http:\/\/www.umitcanli.com\/school\/index.php\/2010\/01\/05\/2009-2010-11-sinif-i-donem-ii-geometri-yazilisi\/\">11. S\u0131n\u0131f I. D\u00f6nem II. Geometri Yaz\u0131l\u0131s\u0131<\/a><br \/>\n<a href=\"http:\/\/www.umitcanli.com\/school\/index.php\/2010\/04\/21\/2009-2010-11-sinif-ii-donem-i-geometri-yazilisi\/\">11. S\u0131n\u0131f II. D\u00f6nem I. Geometri Yaz\u0131l\u0131s\u0131<\/a><\/li>\n<\/ul>\n<ul>\n<li>2010-2011<br \/>\n<a href=\"http:\/\/www.umitcanli.com\/school\/index.php\/2011\/12\/03\/2011-2012-10-sinif-i-donem-i-geometri-yazilisi\/\">10. S\u0131n\u0131f I. D\u00f6nem I. Geometri Yaz\u0131l\u0131s\u0131<\/a><br \/>\n<a href=\"http:\/\/www.umitcanli.com\/school\/index.php\/2011\/01\/25\/2010-2011-10-sinif-i-donem-ii-geometri-yazilisi\/\">10. S\u0131n\u0131f I. D\u00f6nem II. Geometri Yaz\u0131l\u0131s\u0131<\/a><br \/>\n<a href=\"http:\/\/www.umitcanli.com\/school\/index.php\/2011\/04\/16\/2010-2011-10-sinif-ii-donem-i-geometri-yazilisi\/\">10. S\u0131n\u0131f II. D\u00f6nem I. Geometri Yaz\u0131l\u0131s\u0131<\/a><br \/>\n<a href=\"http:\/\/www.umitcanli.com\/school\/index.php\/2011\/06\/13\/2010-2011-10-sinif-ii-donem-ii-geometri-yazilisi\/\">10. S\u0131n\u0131f II. D\u00f6nem II. Geometri Yaz\u0131l\u0131s\u0131\u00a0<\/a><br \/>\n<a href=\"http:\/\/www.umitcanli.com\/school\/index.php\/2010\/12\/29\/2010-2011-11-sinif-i-donem-i-geometri-yazilisi\/\">11. S\u0131n\u0131f I. D\u00f6nem I. Geometri Yaz\u0131l\u0131s\u0131<\/a><br \/>\n<a href=\"http:\/\/www.umitcanli.com\/school\/index.php\/2011\/01\/25\/2010-2011-11-sinif-i-donem-ii-geometri-yazilisi\/\">11. S\u0131n\u0131f I. D\u00f6nem II. Geometri Yaz\u0131l\u0131s\u0131<\/a><br \/>\n<a href=\"http:\/\/www.umitcanli.com\/school\/index.php\/2011\/04\/16\/2010-2011-11-sinif-ii-donem-i-geometri-yazilisi\/\">11. S\u0131n\u0131f II. D\u00f6nem I. Geometri Yaz\u0131l\u0131s\u0131<\/a><br \/>\n<a href=\"http:\/\/www.umitcanli.com\/school\/index.php\/2011\/06\/13\/2010-2011-11-sinif-ii-donem-ii-geometri-yazilisi\/\">11. S\u0131n\u0131f II. D\u00f6nem II. Geometri Yaz\u0131l\u0131s\u0131<\/a><\/li>\n<\/ul>\n<ul>\n<li>2011-2012<br \/>\n<a href=\"http:\/\/www.umitcanli.com\/school\/index.php\/2010\/12\/27\/2010-2011-10-sinif-i-donem-i-geometri-yazilisi\/\">10. S\u0131n\u0131f I. D\u00f6nem I. Geometri Yaz\u0131l\u0131s\u0131<\/a><br \/>\n<a href=\"http:\/\/www.umitcanli.com\/school\/index.php\/2011\/11\/30\/2011-2012-11-sinif-i-donem-i-geometri-yazilisi\/\">11. S\u0131n\u0131f I. D\u00f6nem I. Geometri Yaz\u0131l\u0131s\u0131<\/a><br \/>\n<a href=\"http:\/\/www.umitcanli.com\/school\/index.php\/2011\/12\/31\/2011-2012-11-sinif-i-donem-ii-geometri-yazilisi\/\">11. S\u0131n\u0131f I. D\u00f6nem II. Geometri Yaz\u0131l\u0131s\u0131<\/a><br \/>\n<a href=\"http:\/\/www.umitcanli.com\/school\/index.php\/2011\/12\/03\/2011-2012-12-sinif-i-donem-i-analitik-geometri-yazilisi\/\">12. S\u0131n\u0131f I. D\u00f6nem I. Analitiik Geometri Yaz\u0131l\u0131s\u0131<\/a><\/li>\n<\/ul>\n<h2><strong>Matematik<\/strong><\/h2>\n<ul>\n<li>2008-2009<br \/>\n<a href=\"http:\/\/www.umitcanli.com\/school\/index.php\/2008\/11\/14\/2008-2009-9-sinif-i-donem-i-matematik-yazilisi\/\">9. S\u0131n\u0131f I. D\u00f6nem I. Matematik Yaz\u0131l\u0131s\u0131<\/a><br \/>\n<a href=\"http:\/\/www.umitcanli.com\/school\/index.php\/2008\/12\/23\/2008-2009-9-sinif-i-donem-2-matematik-yazilisi\/\">9. S\u0131n\u0131f I. D\u00f6nem II. Matematik Yaz\u0131l\u0131s\u0131<\/a><br \/>\n<a href=\"http:\/\/www.umitcanli.com\/school\/index.php\/2009\/01\/18\/2008-2009-9-sinif-i-donem-3-matematik-yazilisi\/\">9. S\u0131n\u0131f I. D\u00f6nem III. Matematik Yaz\u0131l\u0131s\u0131<\/a><br \/>\n<a href=\"http:\/\/www.umitcanli.com\/school\/index.php\/2009\/03\/22\/2008-2009-9-sinif-ii-donem-i-matematik-yazilisi\/\">9. S\u0131n\u0131f II. D\u00f6nem I. Matematik Yaz\u0131l\u0131s\u0131<\/a><br \/>\n<a href=\"http:\/\/www.umitcanli.com\/school\/index.php\/2009\/06\/07\/2008-2009-9-sinif-ii-donem-ii-matematik-yazilisi\/\">9. S\u0131n\u0131f II. D\u00f6nem II. Matematik Yaz\u0131l\u0131s\u0131<\/a><br \/>\n<a href=\"http:\/\/www.umitcanli.com\/school\/index.php\/2009\/06\/07\/2008-2009-9-sinif-ii-donem-iii-matematik-yazilisi\/\">9. S\u0131n\u0131f II. D\u00f6nem III. Matematik Yaz\u0131l\u0131s\u0131<\/a><br \/>\n<a href=\"http:\/\/www.umitcanli.com\/school\/index.php\/2008\/11\/17\/2008-2009-11-sinif-i-donem-i-matematik-yazilisi\/\">11. S\u0131n\u0131f I. D\u00f6nem I. Matematik Yaz\u0131l\u0131s\u0131<\/a><br \/>\n<a href=\"http:\/\/www.umitcanli.com\/school\/index.php\/2008\/12\/25\/2008-2009-11-sinif-i-donem-2-matematik-yazilisi\/\">11. S\u0131n\u0131f I. D\u00f6nem II. Matematik Yaz\u0131l\u0131s\u0131<\/a><br \/>\n<a href=\"http:\/\/www.umitcanli.com\/school\/index.php\/2009\/01\/18\/2008-2009-11-sinif-i-donem-3-matematik-yazilisi\/\">11. S\u0131n\u0131f I. D\u00f6nem III. Matematik Yaz\u0131l\u0131s\u0131<\/a><br \/>\n<a href=\"http:\/\/www.umitcanli.com\/school\/index.php\/2009\/03\/22\/2008-2009-11-sinif-ii-donem-i-matematik-yazilisi\/\">11. S\u0131n\u0131f II. D\u00f6nem I. Matematik Yaz\u0131l\u0131s\u0131<\/a><br \/>\n<a href=\"http:\/\/www.umitcanli.com\/school\/index.php\/2009\/06\/07\/2008-2009-11-sinif-ii-donem-ii-matematik-yazilisi\/\">11. S\u0131n\u0131f II. D\u00f6nem II. Matematik Yaz\u0131l\u0131s\u0131<\/a><br \/>\n<a href=\"http:\/\/www.umitcanli.com\/school\/index.php\/2009\/06\/07\/2008-2009-11-sinif-ii-donem-iii-matematik-yazilisi\/\">11. S\u0131n\u0131f II. D\u00f6nem III. Matematik Yaz\u0131l\u0131s\u0131<\/a><\/li>\n<\/ul>\n<ul>\n<li>2009-2010<br \/>\n<a href=\"http:\/\/www.umitcanli.com\/school\/index.php\/2009\/11\/22\/2009-2010-10-sinif-i-donem-i-matematik-yazilisi\/\">10. S\u0131n\u0131f I. D\u00f6nem I. Matematik Yaz\u0131l\u0131s\u0131<\/a><br \/>\n<a href=\"http:\/\/www.umitcanli.com\/school\/index.php\/2009\/12\/15\/2009-2010-10-sinif-i-donem-ii-matematik-yazilisi\/\">10. S\u0131n\u0131f I. D\u00f6nem II. Matematik Yaz\u0131l\u0131s\u0131<\/a><br \/>\n<a href=\"http:\/\/www.umitcanli.com\/school\/index.php\/2010\/01\/05\/2009-2010-10-sinif-i-donem-iii-matematik-yazilisi\/\">10. S\u0131n\u0131f I. D\u00f6nem III. Matematik Yaz\u0131l\u0131s\u0131<\/a><br \/>\n<a href=\"http:\/\/www.umitcanli.com\/school\/index.php\/2010\/04\/19\/2009-2010-10-sinif-ii-donem-i-matematik-yazilisi\/\">10. S\u0131n\u0131f II. D\u00f6nem I. Matematik Yaz\u0131l\u0131s\u0131<\/a><\/li>\n<\/ul>\n<ul>\n<li>2010-2011<br \/>\n<a href=\"http:\/\/www.umitcanli.com\/school\/index.php\/2010\/11\/29\/2010-2011-11-sinif-i-donem-i-matematik-yazilisi\/\">11. S\u0131n\u0131f I. D\u00f6nem I. Matematik Yaz\u0131l\u0131s\u0131<\/a><br \/>\n<a href=\"http:\/\/www.umitcanli.com\/school\/index.php\/2010\/12\/29\/2010-2011-11-sinif-i-donem-ii-matematik-yazilisi\/\">11. S\u0131n\u0131f I. D\u00f6nem II. Matematik Yaz\u0131l\u0131s\u0131<\/a><br \/>\n<a href=\"http:\/\/www.umitcanli.com\/school\/index.php\/2010\/12\/29\/2010-2011-11-sinif-i-donem-iii-matematik-yazilisi\/\">11. S\u0131n\u0131f I. D\u00f6nem III. Matematik Yaz\u0131l\u0131s\u0131<\/a><br \/>\n<a href=\"http:\/\/www.umitcanli.com\/school\/index.php\/2011\/04\/12\/2010-2011-11-sinif-ii-donem-i-matematik-yazilisi\/\">11. S\u0131n\u0131f II. D\u00f6nem I. Matematik Yaz\u0131l\u0131s\u0131<\/a><br \/>\n<a href=\"http:\/\/www.umitcanli.com\/school\/index.php\/2011\/06\/12\/2010-2011-11-sinif-ii-donem-iii-matematik-yazilisi\/\">11. S\u0131n\u0131f II. D\u00f6nem III. Matematik Yaz\u0131l\u0131s\u0131<\/a><\/li>\n<li>2011-2012<br \/>\n<a href=\"http:\/\/www.umitcanli.com\/school\/index.php\/2011\/11\/30\/2011-2012-12-sinif-i-donem-i-matematik-yazilisi\/\">12. S\u0131n\u0131f I. D\u00f6nem I. Matematik Yaz\u0131l\u0131s\u0131<\/a><br \/>\n<a href=\"http:\/\/www.umitcanli.com\/school\/index.php\/2011\/12\/27\/2011-2012-12-sinif-i-donem-ii-matematik-yazilisi\/\">12. S\u0131n\u0131f I. D\u00f6nem II. Matematik Yaz\u0131l\u0131s\u0131<\/a><\/li>\n<\/ul>\n<p>Son G\u00fcncelleme: 28 Nisan 2020<br \/>\nBu sayfa 28 Nisan 2020&#8217;de olu\u015fturuldu.<\/p>\n<span id=\"post-ratings-1460\" class=\"post-ratings\" data-nonce=\"6688a12ccf\"><img decoding=\"async\" id=\"rating_1460_1\" src=\"http:\/\/www.umitcanli.com\/school\/wp-content\/plugins\/wp-postratings\/images\/stars\/rating_on.gif\" alt=\"1 Y\u0131ld\u0131z\" title=\"1 Y\u0131ld\u0131z\" onmouseover=\"current_rating(1460, 1, '1 Y\u0131ld\u0131z');\" onmouseout=\"ratings_off(4.2, 0, 0);\" onclick=\"rate_post();\" onkeypress=\"rate_post();\" style=\"cursor: pointer; border: 0px;\" \/><img decoding=\"async\" id=\"rating_1460_2\" src=\"http:\/\/www.umitcanli.com\/school\/wp-content\/plugins\/wp-postratings\/images\/stars\/rating_on.gif\" alt=\"2 Y\u0131ld\u0131z\" title=\"2 Y\u0131ld\u0131z\" onmouseover=\"current_rating(1460, 2, '2 Y\u0131ld\u0131z');\" onmouseout=\"ratings_off(4.2, 0, 0);\" onclick=\"rate_post();\" onkeypress=\"rate_post();\" style=\"cursor: pointer; border: 0px;\" \/><img decoding=\"async\" id=\"rating_1460_3\" src=\"http:\/\/www.umitcanli.com\/school\/wp-content\/plugins\/wp-postratings\/images\/stars\/rating_on.gif\" alt=\"3 Y\u0131ld\u0131z\" title=\"3 Y\u0131ld\u0131z\" onmouseover=\"current_rating(1460, 3, '3 Y\u0131ld\u0131z');\" onmouseout=\"ratings_off(4.2, 0, 0);\" onclick=\"rate_post();\" onkeypress=\"rate_post();\" style=\"cursor: pointer; border: 0px;\" \/><img decoding=\"async\" id=\"rating_1460_4\" src=\"http:\/\/www.umitcanli.com\/school\/wp-content\/plugins\/wp-postratings\/images\/stars\/rating_on.gif\" alt=\"4 Y\u0131ld\u0131z\" title=\"4 Y\u0131ld\u0131z\" onmouseover=\"current_rating(1460, 4, '4 Y\u0131ld\u0131z');\" onmouseout=\"ratings_off(4.2, 0, 0);\" onclick=\"rate_post();\" onkeypress=\"rate_post();\" style=\"cursor: pointer; border: 0px;\" \/><img decoding=\"async\" id=\"rating_1460_5\" src=\"http:\/\/www.umitcanli.com\/school\/wp-content\/plugins\/wp-postratings\/images\/stars\/rating_off.gif\" alt=\"5 Y\u0131ld\u0131z\" title=\"5 Y\u0131ld\u0131z\" onmouseover=\"current_rating(1460, 5, '5 Y\u0131ld\u0131z');\" onmouseout=\"ratings_off(4.2, 0, 0);\" onclick=\"rate_post();\" onkeypress=\"rate_post();\" style=\"cursor: pointer; border: 0px;\" \/> (<strong>14<\/strong> ki\u015finin oyu ile <strong>5<\/strong> \u00fczerinden ortalama <strong>4,21<\/strong> verilmi\u015f)<\/span><span id=\"post-ratings-1460-loading\" class=\"post-ratings-loading\"><img loading=\"lazy\" decoding=\"async\" src=\"http:\/\/www.umitcanli.com\/school\/wp-content\/plugins\/wp-postratings\/images\/loading.gif\" width=\"16\" height=\"16\" class=\"post-ratings-image\" \/>Loading...<\/span>\n<div class=\"pvc_clear\"><\/div>\n<p id=\"pvc_stats_1460\" class=\"pvc_stats all  \" data-element-id=\"1460\" style=\"\"><i class=\"pvc-stats-icon medium\" aria-hidden=\"true\"><svg aria-hidden=\"true\" focusable=\"false\" data-prefix=\"far\" data-icon=\"chart-bar\" role=\"img\" xmlns=\"http:\/\/www.w3.org\/2000\/svg\" viewBox=\"0 0 512 512\" class=\"svg-inline--fa fa-chart-bar fa-w-16 fa-2x\"><path fill=\"currentColor\" d=\"M396.8 352h22.4c6.4 0 12.8-6.4 12.8-12.8V108.8c0-6.4-6.4-12.8-12.8-12.8h-22.4c-6.4 0-12.8 6.4-12.8 12.8v230.4c0 6.4 6.4 12.8 12.8 12.8zm-192 0h22.4c6.4 0 12.8-6.4 12.8-12.8V140.8c0-6.4-6.4-12.8-12.8-12.8h-22.4c-6.4 0-12.8 6.4-12.8 12.8v198.4c0 6.4 6.4 12.8 12.8 12.8zm96 0h22.4c6.4 0 12.8-6.4 12.8-12.8V204.8c0-6.4-6.4-12.8-12.8-12.8h-22.4c-6.4 0-12.8 6.4-12.8 12.8v134.4c0 6.4 6.4 12.8 12.8 12.8zM496 400H48V80c0-8.84-7.16-16-16-16H16C7.16 64 0 71.16 0 80v336c0 17.67 14.33 32 32 32h464c8.84 0 16-7.16 16-16v-16c0-8.84-7.16-16-16-16zm-387.2-48h22.4c6.4 0 12.8-6.4 12.8-12.8v-70.4c0-6.4-6.4-12.8-12.8-12.8h-22.4c-6.4 0-12.8 6.4-12.8 12.8v70.4c0 6.4 6.4 12.8 12.8 12.8z\" class=\"\"><\/path><\/svg><\/i> <img loading=\"lazy\" decoding=\"async\" width=\"16\" height=\"16\" alt=\"Loading\" src=\"http:\/\/www.umitcanli.com\/school\/wp-content\/plugins\/page-views-count\/ajax-loader-2x.gif\" border=0 \/><\/p>\n<div class=\"pvc_clear\"><\/div>\n","protected":false},"excerpt":{"rendered":"<p>Geometri 2007-2008 10. S\u0131n\u0131f I. D\u00f6nem I. Geometri Yaz\u0131l\u0131s\u0131 10. S\u0131n\u0131f I. D\u00f6nem II. Geometri Yaz\u0131l\u0131s\u0131 10. S\u0131n\u0131f II. D\u00f6nem I. Geometri Yaz\u0131l\u0131s\u0131 10. S\u0131n\u0131f II. D\u00f6nem II. Geometri Yaz\u0131l\u0131s\u0131 11. S\u0131n\u0131f I. D\u00f6nem I. Geometri Yaz\u0131l\u0131s\u0131 11. S\u0131n\u0131f I. &hellip; <a href=\"http:\/\/www.umitcanli.com\/school\/index.php\/sinav-kagitlari\/\">Okumaya devam et <span class=\"meta-nav\">&rarr;<\/span><\/a><\/p>\n<div class=\"pvc_clear\"><\/div>\n<p id=\"pvc_stats_1460\" class=\"pvc_stats all  \" data-element-id=\"1460\" style=\"\"><i class=\"pvc-stats-icon medium\" aria-hidden=\"true\"><svg aria-hidden=\"true\" focusable=\"false\" data-prefix=\"far\" data-icon=\"chart-bar\" role=\"img\" xmlns=\"http:\/\/www.w3.org\/2000\/svg\" viewBox=\"0 0 512 512\" class=\"svg-inline--fa fa-chart-bar fa-w-16 fa-2x\"><path fill=\"currentColor\" d=\"M396.8 352h22.4c6.4 0 12.8-6.4 12.8-12.8V108.8c0-6.4-6.4-12.8-12.8-12.8h-22.4c-6.4 0-12.8 6.4-12.8 12.8v230.4c0 6.4 6.4 12.8 12.8 12.8zm-192 0h22.4c6.4 0 12.8-6.4 12.8-12.8V140.8c0-6.4-6.4-12.8-12.8-12.8h-22.4c-6.4 0-12.8 6.4-12.8 12.8v198.4c0 6.4 6.4 12.8 12.8 12.8zm96 0h22.4c6.4 0 12.8-6.4 12.8-12.8V204.8c0-6.4-6.4-12.8-12.8-12.8h-22.4c-6.4 0-12.8 6.4-12.8 12.8v134.4c0 6.4 6.4 12.8 12.8 12.8zM496 400H48V80c0-8.84-7.16-16-16-16H16C7.16 64 0 71.16 0 80v336c0 17.67 14.33 32 32 32h464c8.84 0 16-7.16 16-16v-16c0-8.84-7.16-16-16-16zm-387.2-48h22.4c6.4 0 12.8-6.4 12.8-12.8v-70.4c0-6.4-6.4-12.8-12.8-12.8h-22.4c-6.4 0-12.8 6.4-12.8 12.8v70.4c0 6.4 6.4 12.8 12.8 12.8z\" class=\"\"><\/path><\/svg><\/i> <img loading=\"lazy\" decoding=\"async\" width=\"16\" height=\"16\" alt=\"Loading\" src=\"http:\/\/www.umitcanli.com\/school\/wp-content\/plugins\/page-views-count\/ajax-loader-2x.gif\" border=0 \/><\/p>\n<div class=\"pvc_clear\"><\/div>\n","protected":false},"author":1,"featured_media":0,"parent":0,"menu_order":1,"comment_status":"open","ping_status":"open","template":"","meta":{"jetpack_post_was_ever_published":false,"footnotes":""},"class_list":["post-1460","page","type-page","status-publish","hentry"],"a3_pvc":{"activated":true,"total_views":5957,"today_views":0},"jetpack_shortlink":"https:\/\/wp.me\/Pc2dpV-ny","jetpack_sharing_enabled":true,"_links":{"self":[{"href":"http:\/\/www.umitcanli.com\/school\/index.php\/wp-json\/wp\/v2\/pages\/1460","targetHints":{"allow":["GET"]}}],"collection":[{"href":"http:\/\/www.umitcanli.com\/school\/index.php\/wp-json\/wp\/v2\/pages"}],"about":[{"href":"http:\/\/www.umitcanli.com\/school\/index.php\/wp-json\/wp\/v2\/types\/page"}],"author":[{"embeddable":true,"href":"http:\/\/www.umitcanli.com\/school\/index.php\/wp-json\/wp\/v2\/users\/1"}],"replies":[{"embeddable":true,"href":"http:\/\/www.umitcanli.com\/school\/index.php\/wp-json\/wp\/v2\/comments?post=1460"}],"version-history":[{"count":16,"href":"http:\/\/www.umitcanli.com\/school\/index.php\/wp-json\/wp\/v2\/pages\/1460\/revisions"}],"predecessor-version":[{"id":1798,"href":"http:\/\/www.umitcanli.com\/school\/index.php\/wp-json\/wp\/v2\/pages\/1460\/revisions\/1798"}],"wp:attachment":[{"href":"http:\/\/www.umitcanli.com\/school\/index.php\/wp-json\/wp\/v2\/media?parent=1460"}],"curies":[{"name":"wp","href":"https:\/\/api.w.org\/{rel}","templated":true}]}}